{"id":15,"date":"2017-08-15T13:59:00","date_gmt":"2017-08-15T13:59:00","guid":{"rendered":"http:\/\/con-fuoco.pl\/?page_id=15"},"modified":"2025-04-23T10:50:57","modified_gmt":"2025-04-23T10:50:57","slug":"przedszkole-muzyczne","status":"publish","type":"page","link":"https:\/\/con-fuoco.pl\/?page_id=15","title":{"rendered":"Przedszkole muzyczne"},"content":{"rendered":"<div class=\"gkblock-3\"><strong>\u00a0<\/strong><\/div>\n<div class=\"gkblock-1\"><span style=\"color: #000000;\"><strong>Prowadzimy zaj\u0119cia umuzykalniaj\u0105ce dla dzieci w wieku 5 i 6 lat (kurs przygotowawczy do egzamin\u00f3w do szko\u0142y muzycznej) raz w tyg. 45 min op\u0142ata 150 z\u0142.<\/strong><\/span><\/div>\n<div>\u00a0<\/div>\n<div>\u00a0<\/div>\n<div class=\"gkblock-1\"><strong>Zaj\u0119cia odbywaj\u0105 si\u0119 przy ul. Poraj\u00f3w 3.<br \/><\/strong><\/div>\n\n\n<p><\/p>\n\n\n\n<p><\/p>\n","protected":false},"excerpt":{"rendered":"<p>\u00a0 Prowadzimy zaj\u0119cia umuzykalniaj\u0105ce dla dzieci w wieku 5 i 6 lat (kurs przygotowawczy do egzamin\u00f3w do szko\u0142y muzycznej) raz w tyg. 45 min op\u0142ata 150 z\u0142. \u00a0 \u00a0 Zaj\u0119cia&hellip; <\/p>\n","protected":false},"author":1,"featured_media":0,"parent":0,"menu_order":22,"comment_status":"closed","ping_status":"closed","template":"","meta":{"footnotes":""},"class_list":["post-15","page","type-page","status-publish","hentry"],"yoast_head":"<!-- This site is optimized with the Yoast SEO plugin v24.9 - https:\/\/yoast.com\/wordpress\/plugins\/seo\/ -->\n<title>Przedszkole muzyczne - Niepubliczna Szko\u0142a Muzyczna I st.<\/title>\n<meta name=\"robots\" content=\"index, follow, max-snippet:-1, max-image-preview:large, max-video-preview:-1\" \/>\n<link rel=\"canonical\" href=\"https:\/\/con-fuoco.pl\/?page_id=15\" \/>\n<meta property=\"og:locale\" content=\"pl_PL\" \/>\n<meta property=\"og:type\" content=\"article\" \/>\n<meta property=\"og:title\" content=\"Przedszkole muzyczne - Niepubliczna Szko\u0142a Muzyczna I st.\" \/>\n<meta property=\"og:description\" content=\"\u00a0 Prowadzimy zaj\u0119cia umuzykalniaj\u0105ce dla dzieci w wieku 5 i 6 lat (kurs przygotowawczy do egzamin\u00f3w do szko\u0142y muzycznej) raz w tyg. 45 min op\u0142ata 150 z\u0142. \u00a0 \u00a0 Zaj\u0119cia&hellip;\" \/>\n<meta property=\"og:url\" content=\"https:\/\/con-fuoco.pl\/?page_id=15\" \/>\n<meta property=\"og:site_name\" content=\"Niepubliczna Szko\u0142a Muzyczna I st.\" \/>\n<meta property=\"article:modified_time\" content=\"2025-04-23T10:50:57+00:00\" \/>\n<meta property=\"og:image\" content=\"https:\/\/con-fuoco.pl\/wp-content\/uploads\/2017\/08\/mozaika_Con_Fuoco.jpg\" \/>\n\t<meta property=\"og:image:width\" content=\"700\" \/>\n\t<meta property=\"og:image:height\" content=\"873\" \/>\n\t<meta property=\"og:image:type\" content=\"image\/jpeg\" \/>\n<meta name=\"twitter:card\" content=\"summary_large_image\" \/>\n<meta name=\"twitter:label1\" content=\"Szacowany czas czytania\" \/>\n\t<meta name=\"twitter:data1\" content=\"1 minuta\" \/>\n<script type=\"application\/ld+json\" class=\"yoast-schema-graph\">{\"@context\":\"https:\/\/schema.org\",\"@graph\":[{\"@type\":\"WebPage\",\"@id\":\"https:\/\/con-fuoco.pl\/?page_id=15\",\"url\":\"https:\/\/con-fuoco.pl\/?page_id=15\",\"name\":\"Przedszkole muzyczne - Niepubliczna Szko\u0142a Muzyczna I st.\",\"isPartOf\":{\"@id\":\"https:\/\/con-fuoco.pl\/#website\"},\"datePublished\":\"2017-08-15T13:59:00+00:00\",\"dateModified\":\"2025-04-23T10:50:57+00:00\",\"breadcrumb\":{\"@id\":\"https:\/\/con-fuoco.pl\/?page_id=15#breadcrumb\"},\"inLanguage\":\"pl-PL\",\"potentialAction\":[{\"@type\":\"ReadAction\",\"target\":[\"https:\/\/con-fuoco.pl\/?page_id=15\"]}]},{\"@type\":\"BreadcrumbList\",\"@id\":\"https:\/\/con-fuoco.pl\/?page_id=15#breadcrumb\",\"itemListElement\":[{\"@type\":\"ListItem\",\"position\":1,\"name\":\"Strona g\u0142\u00f3wna\",\"item\":\"https:\/\/con-fuoco.pl\/\"},{\"@type\":\"ListItem\",\"position\":2,\"name\":\"Przedszkole muzyczne\"}]},{\"@type\":\"WebSite\",\"@id\":\"https:\/\/con-fuoco.pl\/#website\",\"url\":\"https:\/\/con-fuoco.pl\/\",\"name\":\"Niepubliczna Szko\u0142a Muzyczna I st.\",\"description\":\"CON FUOCO\",\"publisher\":{\"@id\":\"https:\/\/con-fuoco.pl\/#organization\"},\"potentialAction\":[{\"@type\":\"SearchAction\",\"target\":{\"@type\":\"EntryPoint\",\"urlTemplate\":\"https:\/\/con-fuoco.pl\/?s={search_term_string}\"},\"query-input\":{\"@type\":\"PropertyValueSpecification\",\"valueRequired\":true,\"valueName\":\"search_term_string\"}}],\"inLanguage\":\"pl-PL\"},{\"@type\":\"Organization\",\"@id\":\"https:\/\/con-fuoco.pl\/#organization\",\"name\":\"Niepubliczna Szko\u0142a Muzyczna I st.\",\"url\":\"https:\/\/con-fuoco.pl\/\",\"logo\":{\"@type\":\"ImageObject\",\"inLanguage\":\"pl-PL\",\"@id\":\"https:\/\/con-fuoco.pl\/#\/schema\/logo\/image\/\",\"url\":\"https:\/\/con-fuoco.pl\/wp-content\/uploads\/2017\/08\/copy-cropped-logo-1.jpg\",\"contentUrl\":\"https:\/\/con-fuoco.pl\/wp-content\/uploads\/2017\/08\/copy-cropped-logo-1.jpg\",\"width\":146,\"height\":206,\"caption\":\"Niepubliczna Szko\u0142a Muzyczna I st.\"},\"image\":{\"@id\":\"https:\/\/con-fuoco.pl\/#\/schema\/logo\/image\/\"}}]}<\/script>\n<!-- \/ Yoast SEO plugin. -->","yoast_head_json":{"title":"Przedszkole muzyczne - Niepubliczna Szko\u0142a Muzyczna I st.","robots":{"index":"index","follow":"follow","max-snippet":"max-snippet:-1","max-image-preview":"max-image-preview:large","max-video-preview":"max-video-preview:-1"},"canonical":"https:\/\/con-fuoco.pl\/?page_id=15","og_locale":"pl_PL","og_type":"article","og_title":"Przedszkole muzyczne - Niepubliczna Szko\u0142a Muzyczna I st.","og_description":"\u00a0 Prowadzimy zaj\u0119cia umuzykalniaj\u0105ce dla dzieci w wieku 5 i 6 lat (kurs przygotowawczy do egzamin\u00f3w do szko\u0142y muzycznej) raz w tyg. 45 min op\u0142ata 150 z\u0142. \u00a0 \u00a0 Zaj\u0119cia&hellip;","og_url":"https:\/\/con-fuoco.pl\/?page_id=15","og_site_name":"Niepubliczna Szko\u0142a Muzyczna I st.","article_modified_time":"2025-04-23T10:50:57+00:00","og_image":[{"width":700,"height":873,"url":"https:\/\/con-fuoco.pl\/wp-content\/uploads\/2017\/08\/mozaika_Con_Fuoco.jpg","type":"image\/jpeg"}],"twitter_card":"summary_large_image","twitter_misc":{"Szacowany czas czytania":"1 minuta"},"schema":{"@context":"https:\/\/schema.org","@graph":[{"@type":"WebPage","@id":"https:\/\/con-fuoco.pl\/?page_id=15","url":"https:\/\/con-fuoco.pl\/?page_id=15","name":"Przedszkole muzyczne - Niepubliczna Szko\u0142a Muzyczna I st.","isPartOf":{"@id":"https:\/\/con-fuoco.pl\/#website"},"datePublished":"2017-08-15T13:59:00+00:00","dateModified":"2025-04-23T10:50:57+00:00","breadcrumb":{"@id":"https:\/\/con-fuoco.pl\/?page_id=15#breadcrumb"},"inLanguage":"pl-PL","potentialAction":[{"@type":"ReadAction","target":["https:\/\/con-fuoco.pl\/?page_id=15"]}]},{"@type":"BreadcrumbList","@id":"https:\/\/con-fuoco.pl\/?page_id=15#breadcrumb","itemListElement":[{"@type":"ListItem","position":1,"name":"Strona g\u0142\u00f3wna","item":"https:\/\/con-fuoco.pl\/"},{"@type":"ListItem","position":2,"name":"Przedszkole muzyczne"}]},{"@type":"WebSite","@id":"https:\/\/con-fuoco.pl\/#website","url":"https:\/\/con-fuoco.pl\/","name":"Niepubliczna Szko\u0142a Muzyczna I st.","description":"CON FUOCO","publisher":{"@id":"https:\/\/con-fuoco.pl\/#organization"},"potentialAction":[{"@type":"SearchAction","target":{"@type":"EntryPoint","urlTemplate":"https:\/\/con-fuoco.pl\/?s={search_term_string}"},"query-input":{"@type":"PropertyValueSpecification","valueRequired":true,"valueName":"search_term_string"}}],"inLanguage":"pl-PL"},{"@type":"Organization","@id":"https:\/\/con-fuoco.pl\/#organization","name":"Niepubliczna Szko\u0142a Muzyczna I st.","url":"https:\/\/con-fuoco.pl\/","logo":{"@type":"ImageObject","inLanguage":"pl-PL","@id":"https:\/\/con-fuoco.pl\/#\/schema\/logo\/image\/","url":"https:\/\/con-fuoco.pl\/wp-content\/uploads\/2017\/08\/copy-cropped-logo-1.jpg","contentUrl":"https:\/\/con-fuoco.pl\/wp-content\/uploads\/2017\/08\/copy-cropped-logo-1.jpg","width":146,"height":206,"caption":"Niepubliczna Szko\u0142a Muzyczna I st."},"image":{"@id":"https:\/\/con-fuoco.pl\/#\/schema\/logo\/image\/"}}]}},"_links":{"self":[{"href":"https:\/\/con-fuoco.pl\/index.php?rest_route=\/wp\/v2\/pages\/15","targetHints":{"allow":["GET"]}}],"collection":[{"href":"https:\/\/con-fuoco.pl\/index.php?rest_route=\/wp\/v2\/pages"}],"about":[{"href":"https:\/\/con-fuoco.pl\/index.php?rest_route=\/wp\/v2\/types\/page"}],"author":[{"embeddable":true,"href":"https:\/\/con-fuoco.pl\/index.php?rest_route=\/wp\/v2\/users\/1"}],"replies":[{"embeddable":true,"href":"https:\/\/con-fuoco.pl\/index.php?rest_route=%2Fwp%2Fv2%2Fcomments&post=15"}],"version-history":[{"count":14,"href":"https:\/\/con-fuoco.pl\/index.php?rest_route=\/wp\/v2\/pages\/15\/revisions"}],"predecessor-version":[{"id":1325,"href":"https:\/\/con-fuoco.pl\/index.php?rest_route=\/wp\/v2\/pages\/15\/revisions\/1325"}],"wp:attachment":[{"href":"https:\/\/con-fuoco.pl\/index.php?rest_route=%2Fwp%2Fv2%2Fmedia&parent=15"}],"curies":[{"name":"wp","href":"https:\/\/api.w.org\/{rel}","templated":true}]}}