{"id":38,"date":"2017-08-15T18:00:11","date_gmt":"2017-08-15T18:00:11","guid":{"rendered":"http:\/\/con-fuoco.pl\/?page_id=38"},"modified":"2025-08-30T15:27:24","modified_gmt":"2025-08-30T15:27:24","slug":"wymagane-dokumenty","status":"publish","type":"page","link":"https:\/\/con-fuoco.pl\/?page_id=38","title":{"rendered":"Wymagane dokumenty"},"content":{"rendered":"\n<h3 class=\"wp-block-heading\"><strong>&nbsp;Prosimy o wype\u0142nienie poni\u017cszych dokument\u00f3w:<\/strong><\/h3>\n\n\n\n<ul class=\"wp-block-list\">\n<li> umowa w dw\u00f3ch kopiach<\/li>\n\n\n\n<li> formularz zg\u0142oszeniowy<\/li>\n\n\n\n<li> upowa\u017cnienie do odbioru lub pozwolenie na samodzielny powr\u00f3t<\/li>\n<\/ul>\n\n\n\n<hr class=\"wp-block-separator has-alpha-channel-opacity\"\/>\n\n\n\n<h3 class=\"wp-block-heading\"><strong>Dokumenty do pobrania:<\/strong><\/h3>\n\n\n\n<ul class=\"wp-block-list\">\n<li>umowa szko\u0142a muzyczna I st. <a href=\"https:\/\/con-fuoco.pl\/wp-content\/uploads\/2025\/08\/umowa-dla-rodzicow-szkola.docx\">pobierz<\/a><\/li>\n\n\n\n<li>umowa szko\u0142a muzyczna II st <a href=\"https:\/\/con-fuoco.pl\/wp-content\/uploads\/2025\/08\/Umowa-szkola-II-st.docx\">pobierz<\/a><\/li>\n\n\n\n<li>umowa zaj\u0119cia dla przedszkolak\u00f3w <a href=\"https:\/\/con-fuoco.pl\/wp-content\/uploads\/2025\/08\/umowa-dla-przedszkolakow.docx\">pobierz<\/a><\/li>\n\n\n\n<li>umowa zaj\u0119cia teatralno &#8211; wokalne <a href=\"https:\/\/con-fuoco.pl\/wp-content\/uploads\/2025\/08\/umowa-zajecia-teatralnowokalne-202526.pdf\">pobierz<\/a><\/li>\n\n\n\n<li>umowa zaj\u0119cia umuzykalniaj\u0105ce <a href=\"https:\/\/con-fuoco.pl\/wp-content\/uploads\/2025\/08\/umowa-umuzykalnienie-.docx\">pobierz<\/a><\/li>\n\n\n\n<li>formularz zg\u0142oszeniowy <a href=\"https:\/\/con-fuoco.pl\/wp-content\/uploads\/2017\/09\/formularz.doc\">pobierz<\/a><\/li>\n\n\n\n<li>pozwolenie lub upowa\u017cnienie do odbioru <a href=\"https:\/\/con-fuoco.pl\/wp-content\/uploads\/2017\/09\/odbior-upowaznienia2016.pdf\">pobierz<\/a><\/li>\n<\/ul>\n\n\n\n<p><\/p>\n","protected":false},"excerpt":{"rendered":"<p>&nbsp;Prosimy o wype\u0142nienie poni\u017cszych dokument\u00f3w: Dokumenty do pobrania:<\/p>\n","protected":false},"author":1,"featured_media":0,"parent":0,"menu_order":26,"comment_status":"closed","ping_status":"closed","template":"","meta":{"footnotes":""},"class_list":["post-38","page","type-page","status-publish","hentry"],"yoast_head":"<!-- This site is optimized with the Yoast SEO plugin v24.9 - https:\/\/yoast.com\/wordpress\/plugins\/seo\/ -->\n<title>Wymagane dokumenty - Niepubliczna Szko\u0142a Muzyczna I st.<\/title>\n<meta name=\"robots\" content=\"index, follow, max-snippet:-1, max-image-preview:large, max-video-preview:-1\" \/>\n<link rel=\"canonical\" href=\"https:\/\/con-fuoco.pl\/?page_id=38\" \/>\n<meta property=\"og:locale\" content=\"pl_PL\" \/>\n<meta property=\"og:type\" content=\"article\" \/>\n<meta property=\"og:title\" content=\"Wymagane dokumenty - Niepubliczna Szko\u0142a Muzyczna I st.\" \/>\n<meta property=\"og:description\" content=\"&nbsp;Prosimy o wype\u0142nienie poni\u017cszych dokument\u00f3w: Dokumenty do pobrania:\" \/>\n<meta property=\"og:url\" content=\"https:\/\/con-fuoco.pl\/?page_id=38\" \/>\n<meta property=\"og:site_name\" content=\"Niepubliczna Szko\u0142a Muzyczna I st.\" \/>\n<meta property=\"article:modified_time\" content=\"2025-08-30T15:27:24+00:00\" \/>\n<meta name=\"twitter:card\" content=\"summary_large_image\" \/>\n<meta name=\"twitter:label1\" content=\"Szacowany czas czytania\" \/>\n\t<meta name=\"twitter:data1\" content=\"1 minuta\" \/>\n<script type=\"application\/ld+json\" class=\"yoast-schema-graph\">{\"@context\":\"https:\/\/schema.org\",\"@graph\":[{\"@type\":\"WebPage\",\"@id\":\"https:\/\/con-fuoco.pl\/?page_id=38\",\"url\":\"https:\/\/con-fuoco.pl\/?page_id=38\",\"name\":\"Wymagane dokumenty - Niepubliczna Szko\u0142a Muzyczna I st.\",\"isPartOf\":{\"@id\":\"https:\/\/con-fuoco.pl\/#website\"},\"datePublished\":\"2017-08-15T18:00:11+00:00\",\"dateModified\":\"2025-08-30T15:27:24+00:00\",\"breadcrumb\":{\"@id\":\"https:\/\/con-fuoco.pl\/?page_id=38#breadcrumb\"},\"inLanguage\":\"pl-PL\",\"potentialAction\":[{\"@type\":\"ReadAction\",\"target\":[\"https:\/\/con-fuoco.pl\/?page_id=38\"]}]},{\"@type\":\"BreadcrumbList\",\"@id\":\"https:\/\/con-fuoco.pl\/?page_id=38#breadcrumb\",\"itemListElement\":[{\"@type\":\"ListItem\",\"position\":1,\"name\":\"Strona g\u0142\u00f3wna\",\"item\":\"https:\/\/con-fuoco.pl\/\"},{\"@type\":\"ListItem\",\"position\":2,\"name\":\"Wymagane dokumenty\"}]},{\"@type\":\"WebSite\",\"@id\":\"https:\/\/con-fuoco.pl\/#website\",\"url\":\"https:\/\/con-fuoco.pl\/\",\"name\":\"Niepubliczna Szko\u0142a Muzyczna I st.\",\"description\":\"CON FUOCO\",\"publisher\":{\"@id\":\"https:\/\/con-fuoco.pl\/#organization\"},\"potentialAction\":[{\"@type\":\"SearchAction\",\"target\":{\"@type\":\"EntryPoint\",\"urlTemplate\":\"https:\/\/con-fuoco.pl\/?s={search_term_string}\"},\"query-input\":{\"@type\":\"PropertyValueSpecification\",\"valueRequired\":true,\"valueName\":\"search_term_string\"}}],\"inLanguage\":\"pl-PL\"},{\"@type\":\"Organization\",\"@id\":\"https:\/\/con-fuoco.pl\/#organization\",\"name\":\"Niepubliczna Szko\u0142a Muzyczna I st.\",\"url\":\"https:\/\/con-fuoco.pl\/\",\"logo\":{\"@type\":\"ImageObject\",\"inLanguage\":\"pl-PL\",\"@id\":\"https:\/\/con-fuoco.pl\/#\/schema\/logo\/image\/\",\"url\":\"https:\/\/con-fuoco.pl\/wp-content\/uploads\/2017\/08\/copy-cropped-logo-1.jpg\",\"contentUrl\":\"https:\/\/con-fuoco.pl\/wp-content\/uploads\/2017\/08\/copy-cropped-logo-1.jpg\",\"width\":146,\"height\":206,\"caption\":\"Niepubliczna Szko\u0142a Muzyczna I st.\"},\"image\":{\"@id\":\"https:\/\/con-fuoco.pl\/#\/schema\/logo\/image\/\"}}]}<\/script>\n<!-- \/ Yoast SEO plugin. -->","yoast_head_json":{"title":"Wymagane dokumenty - Niepubliczna Szko\u0142a Muzyczna I st.","robots":{"index":"index","follow":"follow","max-snippet":"max-snippet:-1","max-image-preview":"max-image-preview:large","max-video-preview":"max-video-preview:-1"},"canonical":"https:\/\/con-fuoco.pl\/?page_id=38","og_locale":"pl_PL","og_type":"article","og_title":"Wymagane dokumenty - Niepubliczna Szko\u0142a Muzyczna I st.","og_description":"&nbsp;Prosimy o wype\u0142nienie poni\u017cszych dokument\u00f3w: Dokumenty do pobrania:","og_url":"https:\/\/con-fuoco.pl\/?page_id=38","og_site_name":"Niepubliczna Szko\u0142a Muzyczna I st.","article_modified_time":"2025-08-30T15:27:24+00:00","twitter_card":"summary_large_image","twitter_misc":{"Szacowany czas czytania":"1 minuta"},"schema":{"@context":"https:\/\/schema.org","@graph":[{"@type":"WebPage","@id":"https:\/\/con-fuoco.pl\/?page_id=38","url":"https:\/\/con-fuoco.pl\/?page_id=38","name":"Wymagane dokumenty - Niepubliczna Szko\u0142a Muzyczna I st.","isPartOf":{"@id":"https:\/\/con-fuoco.pl\/#website"},"datePublished":"2017-08-15T18:00:11+00:00","dateModified":"2025-08-30T15:27:24+00:00","breadcrumb":{"@id":"https:\/\/con-fuoco.pl\/?page_id=38#breadcrumb"},"inLanguage":"pl-PL","potentialAction":[{"@type":"ReadAction","target":["https:\/\/con-fuoco.pl\/?page_id=38"]}]},{"@type":"BreadcrumbList","@id":"https:\/\/con-fuoco.pl\/?page_id=38#breadcrumb","itemListElement":[{"@type":"ListItem","position":1,"name":"Strona g\u0142\u00f3wna","item":"https:\/\/con-fuoco.pl\/"},{"@type":"ListItem","position":2,"name":"Wymagane dokumenty"}]},{"@type":"WebSite","@id":"https:\/\/con-fuoco.pl\/#website","url":"https:\/\/con-fuoco.pl\/","name":"Niepubliczna Szko\u0142a Muzyczna I st.","description":"CON FUOCO","publisher":{"@id":"https:\/\/con-fuoco.pl\/#organization"},"potentialAction":[{"@type":"SearchAction","target":{"@type":"EntryPoint","urlTemplate":"https:\/\/con-fuoco.pl\/?s={search_term_string}"},"query-input":{"@type":"PropertyValueSpecification","valueRequired":true,"valueName":"search_term_string"}}],"inLanguage":"pl-PL"},{"@type":"Organization","@id":"https:\/\/con-fuoco.pl\/#organization","name":"Niepubliczna Szko\u0142a Muzyczna I st.","url":"https:\/\/con-fuoco.pl\/","logo":{"@type":"ImageObject","inLanguage":"pl-PL","@id":"https:\/\/con-fuoco.pl\/#\/schema\/logo\/image\/","url":"https:\/\/con-fuoco.pl\/wp-content\/uploads\/2017\/08\/copy-cropped-logo-1.jpg","contentUrl":"https:\/\/con-fuoco.pl\/wp-content\/uploads\/2017\/08\/copy-cropped-logo-1.jpg","width":146,"height":206,"caption":"Niepubliczna Szko\u0142a Muzyczna I st."},"image":{"@id":"https:\/\/con-fuoco.pl\/#\/schema\/logo\/image\/"}}]}},"_links":{"self":[{"href":"https:\/\/con-fuoco.pl\/index.php?rest_route=\/wp\/v2\/pages\/38","targetHints":{"allow":["GET"]}}],"collection":[{"href":"https:\/\/con-fuoco.pl\/index.php?rest_route=\/wp\/v2\/pages"}],"about":[{"href":"https:\/\/con-fuoco.pl\/index.php?rest_route=\/wp\/v2\/types\/page"}],"author":[{"embeddable":true,"href":"https:\/\/con-fuoco.pl\/index.php?rest_route=\/wp\/v2\/users\/1"}],"replies":[{"embeddable":true,"href":"https:\/\/con-fuoco.pl\/index.php?rest_route=%2Fwp%2Fv2%2Fcomments&post=38"}],"version-history":[{"count":25,"href":"https:\/\/con-fuoco.pl\/index.php?rest_route=\/wp\/v2\/pages\/38\/revisions"}],"predecessor-version":[{"id":1589,"href":"https:\/\/con-fuoco.pl\/index.php?rest_route=\/wp\/v2\/pages\/38\/revisions\/1589"}],"wp:attachment":[{"href":"https:\/\/con-fuoco.pl\/index.php?rest_route=%2Fwp%2Fv2%2Fmedia&parent=38"}],"curies":[{"name":"wp","href":"https:\/\/api.w.org\/{rel}","templated":true}]}}