{"id":50,"date":"2017-08-15T18:08:59","date_gmt":"2017-08-15T18:08:59","guid":{"rendered":"http:\/\/con-fuoco.pl\/?page_id=50"},"modified":"2025-04-25T08:51:22","modified_gmt":"2025-04-25T08:51:22","slug":"alicja-olszewska","status":"publish","type":"page","link":"https:\/\/con-fuoco.pl\/?page_id=50","title":{"rendered":"Alicja Olszewska"},"content":{"rendered":"\n<h5 class=\"wp-block-heading has-text-align-center\"><span style=\"font-weight: 600;\"><strong>nauczyciel rytmiki<\/strong><\/span><\/h5>\n\n\n\n<hr class=\"wp-block-separator has-alpha-channel-opacity is-style-dots\"\/>\n\n\n\n<p>Studentka Uniwersytetu Muzycznego Fryderyka Chopina na wydziale Edukacji Muzycznej, Ch\u00f3ralistyki i Rytmiki. <br>W ramach swojej specjalizacji odby\u0142a kursy w zakresie animatora zaj\u0119\u0107 motoryczno-sensorycznych. <br>Prowadzi zaj\u0119cia rytmiki, kszta\u0142cenia s\u0142uchu i fortepianu z dzie\u0107mi w wieku przedszkolnym i wczesnoszkolnym.<\/p>\n\n\n\n<p>Ma \u015bwietny kontakt z dzie\u0107mi i bardzo dobre podej\u015bcie pedagogiczne.&nbsp;<\/p>\n\n\n\n<p><\/p>\n\n\n\n<p><\/p>\n","protected":false},"excerpt":{"rendered":"<p>nauczyciel rytmiki Studentka Uniwersytetu Muzycznego Fryderyka Chopina na wydziale Edukacji Muzycznej, Ch\u00f3ralistyki i Rytmiki. W ramach swojej specjalizacji odby\u0142a kursy w zakresie animatora zaj\u0119\u0107 motoryczno-sensorycznych. Prowadzi zaj\u0119cia rytmiki, kszta\u0142cenia s\u0142uchu&hellip; <\/p>\n","protected":false},"author":1,"featured_media":0,"parent":27,"menu_order":17,"comment_status":"closed","ping_status":"closed","template":"","meta":{"footnotes":""},"class_list":["post-50","page","type-page","status-publish","hentry"],"yoast_head":"<!-- This site is optimized with the Yoast SEO plugin v24.9 - https:\/\/yoast.com\/wordpress\/plugins\/seo\/ -->\n<title>Alicja Olszewska - Niepubliczna Szko\u0142a Muzyczna I st.<\/title>\n<meta name=\"robots\" content=\"index, follow, max-snippet:-1, max-image-preview:large, max-video-preview:-1\" \/>\n<link rel=\"canonical\" href=\"https:\/\/con-fuoco.pl\/?page_id=50\" \/>\n<meta property=\"og:locale\" content=\"pl_PL\" \/>\n<meta property=\"og:type\" content=\"article\" \/>\n<meta property=\"og:title\" content=\"Alicja Olszewska - Niepubliczna Szko\u0142a Muzyczna I st.\" \/>\n<meta property=\"og:description\" content=\"nauczyciel rytmiki Studentka Uniwersytetu Muzycznego Fryderyka Chopina na wydziale Edukacji Muzycznej, Ch\u00f3ralistyki i Rytmiki. W ramach swojej specjalizacji odby\u0142a kursy w zakresie animatora zaj\u0119\u0107 motoryczno-sensorycznych. Prowadzi zaj\u0119cia rytmiki, kszta\u0142cenia s\u0142uchu&hellip;\" \/>\n<meta property=\"og:url\" content=\"https:\/\/con-fuoco.pl\/?page_id=50\" \/>\n<meta property=\"og:site_name\" content=\"Niepubliczna Szko\u0142a Muzyczna I st.\" \/>\n<meta property=\"article:modified_time\" content=\"2025-04-25T08:51:22+00:00\" \/>\n<meta name=\"twitter:card\" content=\"summary_large_image\" \/>\n<meta name=\"twitter:label1\" content=\"Szacowany czas czytania\" \/>\n\t<meta name=\"twitter:data1\" content=\"1 minuta\" \/>\n<script type=\"application\/ld+json\" class=\"yoast-schema-graph\">{\"@context\":\"https:\/\/schema.org\",\"@graph\":[{\"@type\":\"WebPage\",\"@id\":\"https:\/\/con-fuoco.pl\/?page_id=50\",\"url\":\"https:\/\/con-fuoco.pl\/?page_id=50\",\"name\":\"Alicja Olszewska - Niepubliczna Szko\u0142a Muzyczna I st.\",\"isPartOf\":{\"@id\":\"https:\/\/con-fuoco.pl\/#website\"},\"datePublished\":\"2017-08-15T18:08:59+00:00\",\"dateModified\":\"2025-04-25T08:51:22+00:00\",\"breadcrumb\":{\"@id\":\"https:\/\/con-fuoco.pl\/?page_id=50#breadcrumb\"},\"inLanguage\":\"pl-PL\",\"potentialAction\":[{\"@type\":\"ReadAction\",\"target\":[\"https:\/\/con-fuoco.pl\/?page_id=50\"]}]},{\"@type\":\"BreadcrumbList\",\"@id\":\"https:\/\/con-fuoco.pl\/?page_id=50#breadcrumb\",\"itemListElement\":[{\"@type\":\"ListItem\",\"position\":1,\"name\":\"Strona g\u0142\u00f3wna\",\"item\":\"https:\/\/con-fuoco.pl\/\"},{\"@type\":\"ListItem\",\"position\":2,\"name\":\"Szko\u0142a\",\"item\":\"https:\/\/con-fuoco.pl\/?page_id=1199\"},{\"@type\":\"ListItem\",\"position\":3,\"name\":\"Kadra\",\"item\":\"https:\/\/con-fuoco.pl\/?page_id=27\"},{\"@type\":\"ListItem\",\"position\":4,\"name\":\"Alicja Olszewska\"}]},{\"@type\":\"WebSite\",\"@id\":\"https:\/\/con-fuoco.pl\/#website\",\"url\":\"https:\/\/con-fuoco.pl\/\",\"name\":\"Niepubliczna Szko\u0142a Muzyczna I st.\",\"description\":\"CON FUOCO\",\"publisher\":{\"@id\":\"https:\/\/con-fuoco.pl\/#organization\"},\"potentialAction\":[{\"@type\":\"SearchAction\",\"target\":{\"@type\":\"EntryPoint\",\"urlTemplate\":\"https:\/\/con-fuoco.pl\/?s={search_term_string}\"},\"query-input\":{\"@type\":\"PropertyValueSpecification\",\"valueRequired\":true,\"valueName\":\"search_term_string\"}}],\"inLanguage\":\"pl-PL\"},{\"@type\":\"Organization\",\"@id\":\"https:\/\/con-fuoco.pl\/#organization\",\"name\":\"Niepubliczna Szko\u0142a Muzyczna I st.\",\"url\":\"https:\/\/con-fuoco.pl\/\",\"logo\":{\"@type\":\"ImageObject\",\"inLanguage\":\"pl-PL\",\"@id\":\"https:\/\/con-fuoco.pl\/#\/schema\/logo\/image\/\",\"url\":\"https:\/\/con-fuoco.pl\/wp-content\/uploads\/2017\/08\/copy-cropped-logo-1.jpg\",\"contentUrl\":\"https:\/\/con-fuoco.pl\/wp-content\/uploads\/2017\/08\/copy-cropped-logo-1.jpg\",\"width\":146,\"height\":206,\"caption\":\"Niepubliczna Szko\u0142a Muzyczna I st.\"},\"image\":{\"@id\":\"https:\/\/con-fuoco.pl\/#\/schema\/logo\/image\/\"}}]}<\/script>\n<!-- \/ Yoast SEO plugin. -->","yoast_head_json":{"title":"Alicja Olszewska - Niepubliczna Szko\u0142a Muzyczna I st.","robots":{"index":"index","follow":"follow","max-snippet":"max-snippet:-1","max-image-preview":"max-image-preview:large","max-video-preview":"max-video-preview:-1"},"canonical":"https:\/\/con-fuoco.pl\/?page_id=50","og_locale":"pl_PL","og_type":"article","og_title":"Alicja Olszewska - Niepubliczna Szko\u0142a Muzyczna I st.","og_description":"nauczyciel rytmiki Studentka Uniwersytetu Muzycznego Fryderyka Chopina na wydziale Edukacji Muzycznej, Ch\u00f3ralistyki i Rytmiki. W ramach swojej specjalizacji odby\u0142a kursy w zakresie animatora zaj\u0119\u0107 motoryczno-sensorycznych. Prowadzi zaj\u0119cia rytmiki, kszta\u0142cenia s\u0142uchu&hellip;","og_url":"https:\/\/con-fuoco.pl\/?page_id=50","og_site_name":"Niepubliczna Szko\u0142a Muzyczna I st.","article_modified_time":"2025-04-25T08:51:22+00:00","twitter_card":"summary_large_image","twitter_misc":{"Szacowany czas czytania":"1 minuta"},"schema":{"@context":"https:\/\/schema.org","@graph":[{"@type":"WebPage","@id":"https:\/\/con-fuoco.pl\/?page_id=50","url":"https:\/\/con-fuoco.pl\/?page_id=50","name":"Alicja Olszewska - Niepubliczna Szko\u0142a Muzyczna I st.","isPartOf":{"@id":"https:\/\/con-fuoco.pl\/#website"},"datePublished":"2017-08-15T18:08:59+00:00","dateModified":"2025-04-25T08:51:22+00:00","breadcrumb":{"@id":"https:\/\/con-fuoco.pl\/?page_id=50#breadcrumb"},"inLanguage":"pl-PL","potentialAction":[{"@type":"ReadAction","target":["https:\/\/con-fuoco.pl\/?page_id=50"]}]},{"@type":"BreadcrumbList","@id":"https:\/\/con-fuoco.pl\/?page_id=50#breadcrumb","itemListElement":[{"@type":"ListItem","position":1,"name":"Strona g\u0142\u00f3wna","item":"https:\/\/con-fuoco.pl\/"},{"@type":"ListItem","position":2,"name":"Szko\u0142a","item":"https:\/\/con-fuoco.pl\/?page_id=1199"},{"@type":"ListItem","position":3,"name":"Kadra","item":"https:\/\/con-fuoco.pl\/?page_id=27"},{"@type":"ListItem","position":4,"name":"Alicja Olszewska"}]},{"@type":"WebSite","@id":"https:\/\/con-fuoco.pl\/#website","url":"https:\/\/con-fuoco.pl\/","name":"Niepubliczna Szko\u0142a Muzyczna I st.","description":"CON FUOCO","publisher":{"@id":"https:\/\/con-fuoco.pl\/#organization"},"potentialAction":[{"@type":"SearchAction","target":{"@type":"EntryPoint","urlTemplate":"https:\/\/con-fuoco.pl\/?s={search_term_string}"},"query-input":{"@type":"PropertyValueSpecification","valueRequired":true,"valueName":"search_term_string"}}],"inLanguage":"pl-PL"},{"@type":"Organization","@id":"https:\/\/con-fuoco.pl\/#organization","name":"Niepubliczna Szko\u0142a Muzyczna I st.","url":"https:\/\/con-fuoco.pl\/","logo":{"@type":"ImageObject","inLanguage":"pl-PL","@id":"https:\/\/con-fuoco.pl\/#\/schema\/logo\/image\/","url":"https:\/\/con-fuoco.pl\/wp-content\/uploads\/2017\/08\/copy-cropped-logo-1.jpg","contentUrl":"https:\/\/con-fuoco.pl\/wp-content\/uploads\/2017\/08\/copy-cropped-logo-1.jpg","width":146,"height":206,"caption":"Niepubliczna Szko\u0142a Muzyczna I st."},"image":{"@id":"https:\/\/con-fuoco.pl\/#\/schema\/logo\/image\/"}}]}},"_links":{"self":[{"href":"https:\/\/con-fuoco.pl\/index.php?rest_route=\/wp\/v2\/pages\/50","targetHints":{"allow":["GET"]}}],"collection":[{"href":"https:\/\/con-fuoco.pl\/index.php?rest_route=\/wp\/v2\/pages"}],"about":[{"href":"https:\/\/con-fuoco.pl\/index.php?rest_route=\/wp\/v2\/types\/page"}],"author":[{"embeddable":true,"href":"https:\/\/con-fuoco.pl\/index.php?rest_route=\/wp\/v2\/users\/1"}],"replies":[{"embeddable":true,"href":"https:\/\/con-fuoco.pl\/index.php?rest_route=%2Fwp%2Fv2%2Fcomments&post=50"}],"version-history":[{"count":7,"href":"https:\/\/con-fuoco.pl\/index.php?rest_route=\/wp\/v2\/pages\/50\/revisions"}],"predecessor-version":[{"id":1389,"href":"https:\/\/con-fuoco.pl\/index.php?rest_route=\/wp\/v2\/pages\/50\/revisions\/1389"}],"up":[{"embeddable":true,"href":"https:\/\/con-fuoco.pl\/index.php?rest_route=\/wp\/v2\/pages\/27"}],"wp:attachment":[{"href":"https:\/\/con-fuoco.pl\/index.php?rest_route=%2Fwp%2Fv2%2Fmedia&parent=50"}],"curies":[{"name":"wp","href":"https:\/\/api.w.org\/{rel}","templated":true}]}}