{"id":565,"date":"2017-09-01T17:53:55","date_gmt":"2017-09-01T17:53:55","guid":{"rendered":"http:\/\/con-fuoco.pl\/?page_id=565"},"modified":"2025-04-25T09:24:59","modified_gmt":"2025-04-25T09:24:59","slug":"joanna-gidaszewska","status":"publish","type":"page","link":"https:\/\/con-fuoco.pl\/?page_id=565","title":{"rendered":"Joanna Gidaszewska &#8211; Pielach"},"content":{"rendered":"\n<h5 class=\"wp-block-heading has-text-align-center\"><strong>dyrektor artystyczny, nauczyciel fortepianu<\/strong><\/h5>\n\n\n\n<hr class=\"wp-block-separator has-alpha-channel-opacity is-style-dots\"\/>\n\n\n\n<p>Joanna Gidaszewska urodzi\u0142a si\u0119 w 1974 r. w Poznaniu. Nauk\u0119 gry na fortepianie rozpocz\u0119\u0142a w wieku 7 lat w Pa\u0144stwowej Og\u00f3lnokszta\u0142c\u0105cej Szkole Muzycznej im. H. Wieniawskiego w Poznaniu. Nast\u0119pnie kszta\u0142ci\u0142a si\u0119 w Pa\u0144stwowym Liceum Muzycznym im. M. Kar\u0142owicza w klasie fortepianu prof. Hanny Morawskiej. Uko\u0144czy\u0142a wydzia\u0142 instrumentalny \u2013 specjalnos\u0107 pedagogika instrumentalna w Akademii Muzycznej im. I. J. Paderewskiego w Poznaniu w klasie fortepianu prof. Alicji Kledzik.<\/p>\n\n\n\n<p>W latach 1998 \u2013 2005 pracowa\u0142a w Pa\u0144stwowej Og\u00f3lnokszta\u0142c\u0105cej Szkole Muzycznej w Poznaniu, gdzie prowadzi\u0142a klas\u0119 fortepianu g\u0142\u00f3wnego i akompaniowa\u0142a w klasie wiolonczeli i skrzypiec. Praca ta zaowocowa\u0142a wieloma osi\u0105gni\u0119ciami i nagrodami uczni\u00f3w na konkursach i przes\u0142uchaniach. Wzi\u0119\u0142a udzia\u0142 w Mistrzowskim Kursie Interpretacji fortepianowej zorganizowanej przez katedr\u0119 fortepianu Akademii Muzycznej w Poznaniu.<\/p>\n\n\n\n<p>Od 2005 r. pracuje w Zespole Pa\u0144stwowych Szk\u00f3\u0142 Muzycznych nr 1 w Warszawie, w kt\u00f3rej prowadzi klas\u0119 fortepianu w I i II stopniu. Jej uczniowie s\u0105 laureatami wielu konkurs\u00f3w, przeglad\u00f3w og\u00f3lnopolskich oraz mi\u0119dzynarodowych.<\/p>\n","protected":false},"excerpt":{"rendered":"<p>dyrektor artystyczny, nauczyciel fortepianu Joanna Gidaszewska urodzi\u0142a si\u0119 w 1974 r. w Poznaniu. Nauk\u0119 gry na fortepianie rozpocz\u0119\u0142a w wieku 7 lat w Pa\u0144stwowej Og\u00f3lnokszta\u0142c\u0105cej Szkole Muzycznej im. H. Wieniawskiego&hellip; <\/p>\n","protected":false},"author":1,"featured_media":0,"parent":27,"menu_order":8,"comment_status":"closed","ping_status":"closed","template":"","meta":{"footnotes":""},"class_list":["post-565","page","type-page","status-publish","hentry"],"yoast_head":"<!-- This site is optimized with the Yoast SEO plugin v24.9 - https:\/\/yoast.com\/wordpress\/plugins\/seo\/ -->\n<title>Joanna Gidaszewska - Pielach - Niepubliczna Szko\u0142a Muzyczna I st.<\/title>\n<meta name=\"robots\" content=\"index, follow, max-snippet:-1, max-image-preview:large, max-video-preview:-1\" \/>\n<link rel=\"canonical\" href=\"https:\/\/con-fuoco.pl\/?page_id=565\" \/>\n<meta property=\"og:locale\" content=\"pl_PL\" \/>\n<meta property=\"og:type\" content=\"article\" \/>\n<meta property=\"og:title\" content=\"Joanna Gidaszewska - Pielach - Niepubliczna Szko\u0142a Muzyczna I st.\" \/>\n<meta property=\"og:description\" content=\"dyrektor artystyczny, nauczyciel fortepianu Joanna Gidaszewska urodzi\u0142a si\u0119 w 1974 r. w Poznaniu. Nauk\u0119 gry na fortepianie rozpocz\u0119\u0142a w wieku 7 lat w Pa\u0144stwowej Og\u00f3lnokszta\u0142c\u0105cej Szkole Muzycznej im. H. Wieniawskiego&hellip;\" \/>\n<meta property=\"og:url\" content=\"https:\/\/con-fuoco.pl\/?page_id=565\" \/>\n<meta property=\"og:site_name\" content=\"Niepubliczna Szko\u0142a Muzyczna I st.\" \/>\n<meta property=\"article:modified_time\" content=\"2025-04-25T09:24:59+00:00\" \/>\n<meta name=\"twitter:card\" content=\"summary_large_image\" \/>\n<meta name=\"twitter:label1\" content=\"Szacowany czas czytania\" \/>\n\t<meta name=\"twitter:data1\" content=\"1 minuta\" \/>\n<script type=\"application\/ld+json\" class=\"yoast-schema-graph\">{\"@context\":\"https:\/\/schema.org\",\"@graph\":[{\"@type\":\"WebPage\",\"@id\":\"https:\/\/con-fuoco.pl\/?page_id=565\",\"url\":\"https:\/\/con-fuoco.pl\/?page_id=565\",\"name\":\"Joanna Gidaszewska - Pielach - Niepubliczna Szko\u0142a Muzyczna I st.\",\"isPartOf\":{\"@id\":\"https:\/\/con-fuoco.pl\/#website\"},\"datePublished\":\"2017-09-01T17:53:55+00:00\",\"dateModified\":\"2025-04-25T09:24:59+00:00\",\"breadcrumb\":{\"@id\":\"https:\/\/con-fuoco.pl\/?page_id=565#breadcrumb\"},\"inLanguage\":\"pl-PL\",\"potentialAction\":[{\"@type\":\"ReadAction\",\"target\":[\"https:\/\/con-fuoco.pl\/?page_id=565\"]}]},{\"@type\":\"BreadcrumbList\",\"@id\":\"https:\/\/con-fuoco.pl\/?page_id=565#breadcrumb\",\"itemListElement\":[{\"@type\":\"ListItem\",\"position\":1,\"name\":\"Strona g\u0142\u00f3wna\",\"item\":\"https:\/\/con-fuoco.pl\/\"},{\"@type\":\"ListItem\",\"position\":2,\"name\":\"Szko\u0142a\",\"item\":\"https:\/\/con-fuoco.pl\/?page_id=1199\"},{\"@type\":\"ListItem\",\"position\":3,\"name\":\"Kadra\",\"item\":\"https:\/\/con-fuoco.pl\/?page_id=27\"},{\"@type\":\"ListItem\",\"position\":4,\"name\":\"Joanna Gidaszewska &#8211; Pielach\"}]},{\"@type\":\"WebSite\",\"@id\":\"https:\/\/con-fuoco.pl\/#website\",\"url\":\"https:\/\/con-fuoco.pl\/\",\"name\":\"Niepubliczna Szko\u0142a Muzyczna I st.\",\"description\":\"CON FUOCO\",\"publisher\":{\"@id\":\"https:\/\/con-fuoco.pl\/#organization\"},\"potentialAction\":[{\"@type\":\"SearchAction\",\"target\":{\"@type\":\"EntryPoint\",\"urlTemplate\":\"https:\/\/con-fuoco.pl\/?s={search_term_string}\"},\"query-input\":{\"@type\":\"PropertyValueSpecification\",\"valueRequired\":true,\"valueName\":\"search_term_string\"}}],\"inLanguage\":\"pl-PL\"},{\"@type\":\"Organization\",\"@id\":\"https:\/\/con-fuoco.pl\/#organization\",\"name\":\"Niepubliczna Szko\u0142a Muzyczna I st.\",\"url\":\"https:\/\/con-fuoco.pl\/\",\"logo\":{\"@type\":\"ImageObject\",\"inLanguage\":\"pl-PL\",\"@id\":\"https:\/\/con-fuoco.pl\/#\/schema\/logo\/image\/\",\"url\":\"https:\/\/con-fuoco.pl\/wp-content\/uploads\/2017\/08\/copy-cropped-logo-1.jpg\",\"contentUrl\":\"https:\/\/con-fuoco.pl\/wp-content\/uploads\/2017\/08\/copy-cropped-logo-1.jpg\",\"width\":146,\"height\":206,\"caption\":\"Niepubliczna Szko\u0142a Muzyczna I st.\"},\"image\":{\"@id\":\"https:\/\/con-fuoco.pl\/#\/schema\/logo\/image\/\"}}]}<\/script>\n<!-- \/ Yoast SEO plugin. -->","yoast_head_json":{"title":"Joanna Gidaszewska - Pielach - Niepubliczna Szko\u0142a Muzyczna I st.","robots":{"index":"index","follow":"follow","max-snippet":"max-snippet:-1","max-image-preview":"max-image-preview:large","max-video-preview":"max-video-preview:-1"},"canonical":"https:\/\/con-fuoco.pl\/?page_id=565","og_locale":"pl_PL","og_type":"article","og_title":"Joanna Gidaszewska - Pielach - Niepubliczna Szko\u0142a Muzyczna I st.","og_description":"dyrektor artystyczny, nauczyciel fortepianu Joanna Gidaszewska urodzi\u0142a si\u0119 w 1974 r. w Poznaniu. Nauk\u0119 gry na fortepianie rozpocz\u0119\u0142a w wieku 7 lat w Pa\u0144stwowej Og\u00f3lnokszta\u0142c\u0105cej Szkole Muzycznej im. H. Wieniawskiego&hellip;","og_url":"https:\/\/con-fuoco.pl\/?page_id=565","og_site_name":"Niepubliczna Szko\u0142a Muzyczna I st.","article_modified_time":"2025-04-25T09:24:59+00:00","twitter_card":"summary_large_image","twitter_misc":{"Szacowany czas czytania":"1 minuta"},"schema":{"@context":"https:\/\/schema.org","@graph":[{"@type":"WebPage","@id":"https:\/\/con-fuoco.pl\/?page_id=565","url":"https:\/\/con-fuoco.pl\/?page_id=565","name":"Joanna Gidaszewska - Pielach - Niepubliczna Szko\u0142a Muzyczna I st.","isPartOf":{"@id":"https:\/\/con-fuoco.pl\/#website"},"datePublished":"2017-09-01T17:53:55+00:00","dateModified":"2025-04-25T09:24:59+00:00","breadcrumb":{"@id":"https:\/\/con-fuoco.pl\/?page_id=565#breadcrumb"},"inLanguage":"pl-PL","potentialAction":[{"@type":"ReadAction","target":["https:\/\/con-fuoco.pl\/?page_id=565"]}]},{"@type":"BreadcrumbList","@id":"https:\/\/con-fuoco.pl\/?page_id=565#breadcrumb","itemListElement":[{"@type":"ListItem","position":1,"name":"Strona g\u0142\u00f3wna","item":"https:\/\/con-fuoco.pl\/"},{"@type":"ListItem","position":2,"name":"Szko\u0142a","item":"https:\/\/con-fuoco.pl\/?page_id=1199"},{"@type":"ListItem","position":3,"name":"Kadra","item":"https:\/\/con-fuoco.pl\/?page_id=27"},{"@type":"ListItem","position":4,"name":"Joanna Gidaszewska &#8211; Pielach"}]},{"@type":"WebSite","@id":"https:\/\/con-fuoco.pl\/#website","url":"https:\/\/con-fuoco.pl\/","name":"Niepubliczna Szko\u0142a Muzyczna I st.","description":"CON FUOCO","publisher":{"@id":"https:\/\/con-fuoco.pl\/#organization"},"potentialAction":[{"@type":"SearchAction","target":{"@type":"EntryPoint","urlTemplate":"https:\/\/con-fuoco.pl\/?s={search_term_string}"},"query-input":{"@type":"PropertyValueSpecification","valueRequired":true,"valueName":"search_term_string"}}],"inLanguage":"pl-PL"},{"@type":"Organization","@id":"https:\/\/con-fuoco.pl\/#organization","name":"Niepubliczna Szko\u0142a Muzyczna I st.","url":"https:\/\/con-fuoco.pl\/","logo":{"@type":"ImageObject","inLanguage":"pl-PL","@id":"https:\/\/con-fuoco.pl\/#\/schema\/logo\/image\/","url":"https:\/\/con-fuoco.pl\/wp-content\/uploads\/2017\/08\/copy-cropped-logo-1.jpg","contentUrl":"https:\/\/con-fuoco.pl\/wp-content\/uploads\/2017\/08\/copy-cropped-logo-1.jpg","width":146,"height":206,"caption":"Niepubliczna Szko\u0142a Muzyczna I st."},"image":{"@id":"https:\/\/con-fuoco.pl\/#\/schema\/logo\/image\/"}}]}},"_links":{"self":[{"href":"https:\/\/con-fuoco.pl\/index.php?rest_route=\/wp\/v2\/pages\/565","targetHints":{"allow":["GET"]}}],"collection":[{"href":"https:\/\/con-fuoco.pl\/index.php?rest_route=\/wp\/v2\/pages"}],"about":[{"href":"https:\/\/con-fuoco.pl\/index.php?rest_route=\/wp\/v2\/types\/page"}],"author":[{"embeddable":true,"href":"https:\/\/con-fuoco.pl\/index.php?rest_route=\/wp\/v2\/users\/1"}],"replies":[{"embeddable":true,"href":"https:\/\/con-fuoco.pl\/index.php?rest_route=%2Fwp%2Fv2%2Fcomments&post=565"}],"version-history":[{"count":6,"href":"https:\/\/con-fuoco.pl\/index.php?rest_route=\/wp\/v2\/pages\/565\/revisions"}],"predecessor-version":[{"id":1431,"href":"https:\/\/con-fuoco.pl\/index.php?rest_route=\/wp\/v2\/pages\/565\/revisions\/1431"}],"up":[{"embeddable":true,"href":"https:\/\/con-fuoco.pl\/index.php?rest_route=\/wp\/v2\/pages\/27"}],"wp:attachment":[{"href":"https:\/\/con-fuoco.pl\/index.php?rest_route=%2Fwp%2Fv2%2Fmedia&parent=565"}],"curies":[{"name":"wp","href":"https:\/\/api.w.org\/{rel}","templated":true}]}}