{"id":60,"date":"2017-08-15T18:15:47","date_gmt":"2017-08-15T18:15:47","guid":{"rendered":"http:\/\/con-fuoco.pl\/?page_id=60"},"modified":"2025-04-23T20:45:00","modified_gmt":"2025-04-23T20:45:00","slug":"magdalena-kaminska-sewera","status":"publish","type":"page","link":"https:\/\/con-fuoco.pl\/?page_id=60","title":{"rendered":"Magdalena Kami\u0144ska-Sewera"},"content":{"rendered":"\n<h5 class=\"wp-block-heading has-text-align-center\"><strong>dyrektor dydaktyczno-administracyjny, nauczyciel teorii<\/strong><\/h5>\n\n\n\n<hr class=\"wp-block-separator has-alpha-channel-opacity is-style-dots\"\/>\n\n\n\n<p>Absolwentka Akademii Muzycznej im. K. Lipi\u0144skiego we Wroc\u0142awiu na wydziale Edukacji Muzycznej. W 2003 roku uko\u0144czy\u0142a r\u00f3wnie\u017c Podyplomowe Studia Muzykoterapii we Wroc\u0142awiu ( z wynikiem celuj\u0105cym), a w 2009 roku Podyplomowe Studia Teorii Muzyki w Akademii Muzycznej im. F. Chopina w Warszawie.<\/p>\n\n\n\n<h4 class=\"wp-block-heading\"><strong>DO\u015aWIADCZENIE PEDAGOGICZNE<\/strong><\/h4>\n\n\n\n<p>2004 \u2013 2017 Spo\u0142eczna Szko\u0142a Podstawowa Integracyjna nr 100 STO w Warszawie \u2013 nauczyciel muzyki<br>2004 \u2013 2008 Niepubliczna Szko\u0142a Muzyczna st. I w \u0141omiankach \u2013 nauczyciel kszta\u0142cenia s\u0142uchu, rytmiki i audycji muzycznych<br>2002 \u2013 2004 Spo\u0142eczna Szko\u0142a Podstawowa i Gimnazjum \u201eOptimum\u201d we Wroc\u0142awiu \u2013 nauczyciel muzyki 2003 Pa\u0144stwowa Szko\u0142a Muzyczna I st. im. G. Bacewicz we Wroc\u0142awiu \u2013 nauczyciel kszta\u0142cenia s\u0142uchu i rytmiki<\/p>\n\n\n\n<h4 class=\"wp-block-heading\"><strong>KURSY I SZKOLENIA<\/strong><\/h4>\n\n\n\n<p>2018 konferencja ch\u00f3ralna we Wroc\u0142awiu<br>2015 &#8211; 2017 warsztaty emisji g\u0142osu, szkolenie z ewaluacji pracy szko\u0142y<br>2006 \u2013 2008 Mi\u0119dzynarodowe seminarium dla dyrygent\u00f3w ch\u00f3r\u00f3w zorganizowane w ramach Mi\u0119dzynarodowego Festiwalu Muzyki Sakralnej Gaude Mater w Cz\u0119stochowie<br>2006 Seminarium \u201eEmil Jaques-Dalcroze. Muzyka w ruchu\u201d zorganizowane przez AMFC w Warszawie.<br>2005 Udzia\u0142 w III Og\u00f3lnopolskiej sesji naukowo-metodycznej po\u015bwi\u0119conej przegl\u0105dowi metod nauczania kszta\u0142cenia s\u0142uchu zorganizowanej przez Akademi\u0119 Muzyczn\u0105 w Warszawie<\/p>\n\n\n\n<p>Warsztaty Zabawa z ta\u0144cem zorganizowane przez Biela\u0144ski O\u015brodek Kultury w Warszawie, prowadzone przez Wojciecha G\u0119bskiego<br>Warsztaty teatralne zorganizowane przez BOK, prowadzone przez Ann\u0119 Dziedzic i Franka Rad\u00fcga<\/p>\n\n\n\n<h4 class=\"wp-block-heading\"><strong>DZIA\u0141ALNO\u015a\u0106 ARTYSTYCZNA<\/strong><\/h4>\n\n\n\n<p>2000 \u2013 2004 Cz\u0142onek Zespo\u0142u Wokalnego Senza Rigore istniej\u0105cego przy Akademii Muzycznej we Wroc\u0142awiu Zesp\u00f3\u0142 mia\u0142 okazj\u0119 reprezentowa\u0107 wroc\u0142awsk\u0105 Akademi\u0119 Muzyczn\u0105 na wielu presti\u017cowych koncertach i festiwalach o randze og\u00f3lnopolskiej i mi\u0119dzynarodowej, spo\u015br\u00f3d kt\u00f3rych wymieni\u0107 mo\u017cna: Mi\u0119dzynarodowy Festiwal Muzyki Organowej \u201eCantus Organi&#8221; w Wo\u0142owie, Wieczory Tumskie we Wroc\u0142awiu, Gliwickie Spotkania Ch\u00f3ralne.<br>W 2004 ch\u00f3r wzi\u0105\u0142 udzia\u0142 w nagraniu p\u0142yty wydanej z okazji 125. rocznicy nadania Johannesowi Brahmsowi tytu\u0142u doktora honoris causa Uniwersytetu Wroc\u0142awskiego, wykonuj\u0105c z towarzyszeniem organisty Piotra Rojka Psalm XXIII op. 27 na ch\u00f3r i organy tego kompozytora.<br>2005 \u2013 2008 Prowadzenie koncert\u00f3w i przes\u0142ucha\u0144 Mi\u0119dzynarodowego Konkursu Muzycznego im. J. Zar\u0119bskiego w \u0141omiankach.<br>2017 &#8211; 2018 wsp\u00f3\u0142praca z kompozytorem Janem Kasprzykiem (koncerty i nagranie nowego tria na 2 gitary i flet)<\/p>\n","protected":false},"excerpt":{"rendered":"<p>dyrektor dydaktyczno-administracyjny, nauczyciel teorii Absolwentka Akademii Muzycznej im. K. Lipi\u0144skiego we Wroc\u0142awiu na wydziale Edukacji Muzycznej. W 2003 roku uko\u0144czy\u0142a r\u00f3wnie\u017c Podyplomowe Studia Muzykoterapii we Wroc\u0142awiu ( z wynikiem celuj\u0105cym),&hellip; <\/p>\n","protected":false},"author":1,"featured_media":0,"parent":27,"menu_order":13,"comment_status":"closed","ping_status":"closed","template":"","meta":{"footnotes":""},"class_list":["post-60","page","type-page","status-publish","hentry"],"yoast_head":"<!-- This site is optimized with the Yoast SEO plugin v24.9 - https:\/\/yoast.com\/wordpress\/plugins\/seo\/ -->\n<title>Magdalena Kami\u0144ska-Sewera - Niepubliczna Szko\u0142a Muzyczna I st.<\/title>\n<meta name=\"robots\" content=\"index, follow, max-snippet:-1, max-image-preview:large, max-video-preview:-1\" \/>\n<link rel=\"canonical\" href=\"https:\/\/con-fuoco.pl\/?page_id=60\" \/>\n<meta property=\"og:locale\" content=\"pl_PL\" \/>\n<meta property=\"og:type\" content=\"article\" \/>\n<meta property=\"og:title\" content=\"Magdalena Kami\u0144ska-Sewera - Niepubliczna Szko\u0142a Muzyczna I st.\" \/>\n<meta property=\"og:description\" content=\"dyrektor dydaktyczno-administracyjny, nauczyciel teorii Absolwentka Akademii Muzycznej im. K. Lipi\u0144skiego we Wroc\u0142awiu na wydziale Edukacji Muzycznej. W 2003 roku uko\u0144czy\u0142a r\u00f3wnie\u017c Podyplomowe Studia Muzykoterapii we Wroc\u0142awiu ( z wynikiem celuj\u0105cym),&hellip;\" \/>\n<meta property=\"og:url\" content=\"https:\/\/con-fuoco.pl\/?page_id=60\" \/>\n<meta property=\"og:site_name\" content=\"Niepubliczna Szko\u0142a Muzyczna I st.\" \/>\n<meta property=\"article:modified_time\" content=\"2025-04-23T20:45:00+00:00\" \/>\n<meta name=\"twitter:card\" content=\"summary_large_image\" \/>\n<meta name=\"twitter:label1\" content=\"Szacowany czas czytania\" \/>\n\t<meta name=\"twitter:data1\" content=\"2 minuty\" \/>\n<script type=\"application\/ld+json\" class=\"yoast-schema-graph\">{\"@context\":\"https:\/\/schema.org\",\"@graph\":[{\"@type\":\"WebPage\",\"@id\":\"https:\/\/con-fuoco.pl\/?page_id=60\",\"url\":\"https:\/\/con-fuoco.pl\/?page_id=60\",\"name\":\"Magdalena Kami\u0144ska-Sewera - Niepubliczna Szko\u0142a Muzyczna I st.\",\"isPartOf\":{\"@id\":\"https:\/\/con-fuoco.pl\/#website\"},\"datePublished\":\"2017-08-15T18:15:47+00:00\",\"dateModified\":\"2025-04-23T20:45:00+00:00\",\"breadcrumb\":{\"@id\":\"https:\/\/con-fuoco.pl\/?page_id=60#breadcrumb\"},\"inLanguage\":\"pl-PL\",\"potentialAction\":[{\"@type\":\"ReadAction\",\"target\":[\"https:\/\/con-fuoco.pl\/?page_id=60\"]}]},{\"@type\":\"BreadcrumbList\",\"@id\":\"https:\/\/con-fuoco.pl\/?page_id=60#breadcrumb\",\"itemListElement\":[{\"@type\":\"ListItem\",\"position\":1,\"name\":\"Strona g\u0142\u00f3wna\",\"item\":\"https:\/\/con-fuoco.pl\/\"},{\"@type\":\"ListItem\",\"position\":2,\"name\":\"Szko\u0142a\",\"item\":\"https:\/\/con-fuoco.pl\/?page_id=1199\"},{\"@type\":\"ListItem\",\"position\":3,\"name\":\"Kadra\",\"item\":\"https:\/\/con-fuoco.pl\/?page_id=27\"},{\"@type\":\"ListItem\",\"position\":4,\"name\":\"Magdalena Kami\u0144ska-Sewera\"}]},{\"@type\":\"WebSite\",\"@id\":\"https:\/\/con-fuoco.pl\/#website\",\"url\":\"https:\/\/con-fuoco.pl\/\",\"name\":\"Niepubliczna Szko\u0142a Muzyczna I st.\",\"description\":\"CON FUOCO\",\"publisher\":{\"@id\":\"https:\/\/con-fuoco.pl\/#organization\"},\"potentialAction\":[{\"@type\":\"SearchAction\",\"target\":{\"@type\":\"EntryPoint\",\"urlTemplate\":\"https:\/\/con-fuoco.pl\/?s={search_term_string}\"},\"query-input\":{\"@type\":\"PropertyValueSpecification\",\"valueRequired\":true,\"valueName\":\"search_term_string\"}}],\"inLanguage\":\"pl-PL\"},{\"@type\":\"Organization\",\"@id\":\"https:\/\/con-fuoco.pl\/#organization\",\"name\":\"Niepubliczna Szko\u0142a Muzyczna I st.\",\"url\":\"https:\/\/con-fuoco.pl\/\",\"logo\":{\"@type\":\"ImageObject\",\"inLanguage\":\"pl-PL\",\"@id\":\"https:\/\/con-fuoco.pl\/#\/schema\/logo\/image\/\",\"url\":\"https:\/\/con-fuoco.pl\/wp-content\/uploads\/2017\/08\/copy-cropped-logo-1.jpg\",\"contentUrl\":\"https:\/\/con-fuoco.pl\/wp-content\/uploads\/2017\/08\/copy-cropped-logo-1.jpg\",\"width\":146,\"height\":206,\"caption\":\"Niepubliczna Szko\u0142a Muzyczna I st.\"},\"image\":{\"@id\":\"https:\/\/con-fuoco.pl\/#\/schema\/logo\/image\/\"}}]}<\/script>\n<!-- \/ Yoast SEO plugin. -->","yoast_head_json":{"title":"Magdalena Kami\u0144ska-Sewera - Niepubliczna Szko\u0142a Muzyczna I st.","robots":{"index":"index","follow":"follow","max-snippet":"max-snippet:-1","max-image-preview":"max-image-preview:large","max-video-preview":"max-video-preview:-1"},"canonical":"https:\/\/con-fuoco.pl\/?page_id=60","og_locale":"pl_PL","og_type":"article","og_title":"Magdalena Kami\u0144ska-Sewera - Niepubliczna Szko\u0142a Muzyczna I st.","og_description":"dyrektor dydaktyczno-administracyjny, nauczyciel teorii Absolwentka Akademii Muzycznej im. K. Lipi\u0144skiego we Wroc\u0142awiu na wydziale Edukacji Muzycznej. W 2003 roku uko\u0144czy\u0142a r\u00f3wnie\u017c Podyplomowe Studia Muzykoterapii we Wroc\u0142awiu ( z wynikiem celuj\u0105cym),&hellip;","og_url":"https:\/\/con-fuoco.pl\/?page_id=60","og_site_name":"Niepubliczna Szko\u0142a Muzyczna I st.","article_modified_time":"2025-04-23T20:45:00+00:00","twitter_card":"summary_large_image","twitter_misc":{"Szacowany czas czytania":"2 minuty"},"schema":{"@context":"https:\/\/schema.org","@graph":[{"@type":"WebPage","@id":"https:\/\/con-fuoco.pl\/?page_id=60","url":"https:\/\/con-fuoco.pl\/?page_id=60","name":"Magdalena Kami\u0144ska-Sewera - Niepubliczna Szko\u0142a Muzyczna I st.","isPartOf":{"@id":"https:\/\/con-fuoco.pl\/#website"},"datePublished":"2017-08-15T18:15:47+00:00","dateModified":"2025-04-23T20:45:00+00:00","breadcrumb":{"@id":"https:\/\/con-fuoco.pl\/?page_id=60#breadcrumb"},"inLanguage":"pl-PL","potentialAction":[{"@type":"ReadAction","target":["https:\/\/con-fuoco.pl\/?page_id=60"]}]},{"@type":"BreadcrumbList","@id":"https:\/\/con-fuoco.pl\/?page_id=60#breadcrumb","itemListElement":[{"@type":"ListItem","position":1,"name":"Strona g\u0142\u00f3wna","item":"https:\/\/con-fuoco.pl\/"},{"@type":"ListItem","position":2,"name":"Szko\u0142a","item":"https:\/\/con-fuoco.pl\/?page_id=1199"},{"@type":"ListItem","position":3,"name":"Kadra","item":"https:\/\/con-fuoco.pl\/?page_id=27"},{"@type":"ListItem","position":4,"name":"Magdalena Kami\u0144ska-Sewera"}]},{"@type":"WebSite","@id":"https:\/\/con-fuoco.pl\/#website","url":"https:\/\/con-fuoco.pl\/","name":"Niepubliczna Szko\u0142a Muzyczna I st.","description":"CON FUOCO","publisher":{"@id":"https:\/\/con-fuoco.pl\/#organization"},"potentialAction":[{"@type":"SearchAction","target":{"@type":"EntryPoint","urlTemplate":"https:\/\/con-fuoco.pl\/?s={search_term_string}"},"query-input":{"@type":"PropertyValueSpecification","valueRequired":true,"valueName":"search_term_string"}}],"inLanguage":"pl-PL"},{"@type":"Organization","@id":"https:\/\/con-fuoco.pl\/#organization","name":"Niepubliczna Szko\u0142a Muzyczna I st.","url":"https:\/\/con-fuoco.pl\/","logo":{"@type":"ImageObject","inLanguage":"pl-PL","@id":"https:\/\/con-fuoco.pl\/#\/schema\/logo\/image\/","url":"https:\/\/con-fuoco.pl\/wp-content\/uploads\/2017\/08\/copy-cropped-logo-1.jpg","contentUrl":"https:\/\/con-fuoco.pl\/wp-content\/uploads\/2017\/08\/copy-cropped-logo-1.jpg","width":146,"height":206,"caption":"Niepubliczna Szko\u0142a Muzyczna I st."},"image":{"@id":"https:\/\/con-fuoco.pl\/#\/schema\/logo\/image\/"}}]}},"_links":{"self":[{"href":"https:\/\/con-fuoco.pl\/index.php?rest_route=\/wp\/v2\/pages\/60","targetHints":{"allow":["GET"]}}],"collection":[{"href":"https:\/\/con-fuoco.pl\/index.php?rest_route=\/wp\/v2\/pages"}],"about":[{"href":"https:\/\/con-fuoco.pl\/index.php?rest_route=\/wp\/v2\/types\/page"}],"author":[{"embeddable":true,"href":"https:\/\/con-fuoco.pl\/index.php?rest_route=\/wp\/v2\/users\/1"}],"replies":[{"embeddable":true,"href":"https:\/\/con-fuoco.pl\/index.php?rest_route=%2Fwp%2Fv2%2Fcomments&post=60"}],"version-history":[{"count":5,"href":"https:\/\/con-fuoco.pl\/index.php?rest_route=\/wp\/v2\/pages\/60\/revisions"}],"predecessor-version":[{"id":1384,"href":"https:\/\/con-fuoco.pl\/index.php?rest_route=\/wp\/v2\/pages\/60\/revisions\/1384"}],"up":[{"embeddable":true,"href":"https:\/\/con-fuoco.pl\/index.php?rest_route=\/wp\/v2\/pages\/27"}],"wp:attachment":[{"href":"https:\/\/con-fuoco.pl\/index.php?rest_route=%2Fwp%2Fv2%2Fmedia&parent=60"}],"curies":[{"name":"wp","href":"https:\/\/api.w.org\/{rel}","templated":true}]}}