{"id":641,"date":"2017-09-04T19:41:12","date_gmt":"2017-09-04T19:41:12","guid":{"rendered":"http:\/\/con-fuoco.pl\/?page_id=641"},"modified":"2025-04-23T20:46:43","modified_gmt":"2025-04-23T20:46:43","slug":"marta-motyl","status":"publish","type":"page","link":"https:\/\/con-fuoco.pl\/?page_id=641","title":{"rendered":"Marta Motyl"},"content":{"rendered":"\n<h5 class=\"wp-block-heading has-text-align-center\"><strong>nauczyciel fortepianu i akompaniament<\/strong><\/h5>\n\n\n\n<hr class=\"wp-block-separator has-alpha-channel-opacity is-style-dots\"\/>\n\n\n\n<p>Edukacj\u0119 muzyczn\u0105 rozpocz\u0119\u0142a w wieku 7 lat w Ognisku Muzycznym w klasie fortepianu. Nauk\u0119 kontynuowa\u0142a w Muzycznym Liceum og\u00f3lnokszta\u0142c\u0105cym w Legnicy, a potem w Akademii Muzycznej im. K. Lipi\u0144skiego we Wroc\u0142awiu na wydziale Edukacji Muzycznej uzyskuj\u0105c dyplom z wynikiem bardzo dobrym. Na tej samej uczelni uko\u0144czy\u0142a Podyplomowe Studia Muzykoterapii (z wynikiem celuj\u0105cym).<\/p>\n\n\n\n<p><strong>Do\u015bwiadczenie i praca zawodowa.<\/strong><br>\n1998 \u2013 2000 pedagog fortepianu w Ognisku Muzycznym \u201e Allegro\u201d we Wroc\u0142awiu.<br>\n2002 \u2013 2003 praca z dzie\u0107mi w wieku przedszkolnym &#8211; muzykoterapia profilaktyczna, rytmika z elementami muzykoterapii &#8211; przypadki indywidualne.<br>\nOd 2003 &#8211; pracuje w \u015arodowiskowym Domu Samopomocy dla Os\u00f3b Choruj\u0105cych Psychicznie jako instruktor terapii zaj\u0119ciowej.<br>\n2008 &#8211; prowadzenie zespo\u0142u ch\u00f3ralnego w Zespole Szk\u00f3\u0142 Gastronomicznych w Warszawie<br>\n2009 \u2013 kurs Ta\u0144c\u00f3w Integracyjnych organizowany przez Centrum Szkoleniowe \u201e Klanza\u201d<\/p>\n\n\n\n<p><strong>Szkolenia:<\/strong><br>\n2000 &#8211; 2011 szkolenia z zakresu muzykoterapii stosowanej, logorytmiki, psychologii muzyki, arteterapii, choreoterapii i neonatologii.<br>\n2000 \u2013 2012 uczestnictwo w konferencjach naukowych organizowanych przez Zarz\u0105d G\u0142\u00f3wny Stowarzyszenia Muzykoterapeut\u00f3w polskich, kt\u00f3rego jest cz\u0142onkiem od 2003 roku.<br>\n2000 szkolenie z techniki Balinta.<br>\n2001 &#8211; 2002 dwustopniowy kurs metod antystresowych, relaksacji i technik wyobra\u017ceniowych, przy Niepublicznej Plac\u00f3wce Doskonalenia Nauczycieli we Wroc\u0142awiu.<br>\n2007 &#8211; 2008 szkolenia i konferencje organizowane przez Stowarzyszenie Praktyk\u00f3w Dramy \u201eStop \u2013 Klatka\u201d.<br>\n2008 wsp\u00f3\u0142organizacja szkolenia z kreatywnego nauczania muzyki (przy fundacji FNOK)<br>\n2009 wyst\u0105pienie podczas konferencji w Akademii Teatralnej im. A. Zelwerowicza w Warszawie<\/p>\n\n\n\n<p><strong>Dzia\u0142alno\u015b\u0107 artystyczna<\/strong><br>\nW latach 2000 &#8211; 2002 wsp\u00f3\u0142pracowa\u0142a z Oper\u0105 Dolno\u015bl\u0105sk\u0105 jako ch\u00f3rzystka w wstawieniach scenicznych i nagraniach telewizyjnych oper Verdi\u2019ego, Orff\u2019a, Moniuszki, Brocka\/Williamsa. Bra\u0142a udzia\u0142 w Letnich Festiwalach Operowych na terenie Niemiec.<br>\nOd kilku lat dzia\u0142a w Ch\u00f3rze Warszawskim (dawniej Ch\u00f3r Fundacji Nowa Orkiestra Kameralna) przy Fundacji Nowa Orkiestra Kameralna w Warszawie, pod dyrekcj\u0105 Richarda Berkeley\u2019a. W 2011 zesp\u00f3\u0142 wzi\u0105\u0142 udzia\u0142 w Mi\u0119dzynarodowym Konkursie Ch\u00f3ralnym \u201e Varsovia Cantat\u201d organizowanym przez Stowarzyszenie \u015apiewacze Harfa, debiutuj\u0105c otrzyma\u0142 III nagrod\u0119.<\/p>\n","protected":false},"excerpt":{"rendered":"<p>nauczyciel fortepianu i akompaniament Edukacj\u0119 muzyczn\u0105 rozpocz\u0119\u0142a w wieku 7 lat w Ognisku Muzycznym w klasie fortepianu. Nauk\u0119 kontynuowa\u0142a w Muzycznym Liceum og\u00f3lnokszta\u0142c\u0105cym w Legnicy, a potem w Akademii Muzycznej&hellip; <\/p>\n","protected":false},"author":2,"featured_media":0,"parent":27,"menu_order":14,"comment_status":"closed","ping_status":"closed","template":"","meta":{"footnotes":""},"class_list":["post-641","page","type-page","status-publish","hentry"],"yoast_head":"<!-- This site is optimized with the Yoast SEO plugin v24.9 - https:\/\/yoast.com\/wordpress\/plugins\/seo\/ -->\n<title>Marta Motyl - Niepubliczna Szko\u0142a Muzyczna I st.<\/title>\n<meta name=\"robots\" content=\"index, follow, max-snippet:-1, max-image-preview:large, max-video-preview:-1\" \/>\n<link rel=\"canonical\" href=\"https:\/\/con-fuoco.pl\/?page_id=641\" \/>\n<meta property=\"og:locale\" content=\"pl_PL\" \/>\n<meta property=\"og:type\" content=\"article\" \/>\n<meta property=\"og:title\" content=\"Marta Motyl - Niepubliczna Szko\u0142a Muzyczna I st.\" \/>\n<meta property=\"og:description\" content=\"nauczyciel fortepianu i akompaniament Edukacj\u0119 muzyczn\u0105 rozpocz\u0119\u0142a w wieku 7 lat w Ognisku Muzycznym w klasie fortepianu. Nauk\u0119 kontynuowa\u0142a w Muzycznym Liceum og\u00f3lnokszta\u0142c\u0105cym w Legnicy, a potem w Akademii Muzycznej&hellip;\" \/>\n<meta property=\"og:url\" content=\"https:\/\/con-fuoco.pl\/?page_id=641\" \/>\n<meta property=\"og:site_name\" content=\"Niepubliczna Szko\u0142a Muzyczna I st.\" \/>\n<meta property=\"article:modified_time\" content=\"2025-04-23T20:46:43+00:00\" \/>\n<meta name=\"twitter:card\" content=\"summary_large_image\" \/>\n<meta name=\"twitter:label1\" content=\"Szacowany czas czytania\" \/>\n\t<meta name=\"twitter:data1\" content=\"2 minuty\" \/>\n<script type=\"application\/ld+json\" class=\"yoast-schema-graph\">{\"@context\":\"https:\/\/schema.org\",\"@graph\":[{\"@type\":\"WebPage\",\"@id\":\"https:\/\/con-fuoco.pl\/?page_id=641\",\"url\":\"https:\/\/con-fuoco.pl\/?page_id=641\",\"name\":\"Marta Motyl - Niepubliczna Szko\u0142a Muzyczna I st.\",\"isPartOf\":{\"@id\":\"https:\/\/con-fuoco.pl\/#website\"},\"datePublished\":\"2017-09-04T19:41:12+00:00\",\"dateModified\":\"2025-04-23T20:46:43+00:00\",\"breadcrumb\":{\"@id\":\"https:\/\/con-fuoco.pl\/?page_id=641#breadcrumb\"},\"inLanguage\":\"pl-PL\",\"potentialAction\":[{\"@type\":\"ReadAction\",\"target\":[\"https:\/\/con-fuoco.pl\/?page_id=641\"]}]},{\"@type\":\"BreadcrumbList\",\"@id\":\"https:\/\/con-fuoco.pl\/?page_id=641#breadcrumb\",\"itemListElement\":[{\"@type\":\"ListItem\",\"position\":1,\"name\":\"Strona g\u0142\u00f3wna\",\"item\":\"https:\/\/con-fuoco.pl\/\"},{\"@type\":\"ListItem\",\"position\":2,\"name\":\"Szko\u0142a\",\"item\":\"https:\/\/con-fuoco.pl\/?page_id=1199\"},{\"@type\":\"ListItem\",\"position\":3,\"name\":\"Kadra\",\"item\":\"https:\/\/con-fuoco.pl\/?page_id=27\"},{\"@type\":\"ListItem\",\"position\":4,\"name\":\"Marta Motyl\"}]},{\"@type\":\"WebSite\",\"@id\":\"https:\/\/con-fuoco.pl\/#website\",\"url\":\"https:\/\/con-fuoco.pl\/\",\"name\":\"Niepubliczna Szko\u0142a Muzyczna I st.\",\"description\":\"CON FUOCO\",\"publisher\":{\"@id\":\"https:\/\/con-fuoco.pl\/#organization\"},\"potentialAction\":[{\"@type\":\"SearchAction\",\"target\":{\"@type\":\"EntryPoint\",\"urlTemplate\":\"https:\/\/con-fuoco.pl\/?s={search_term_string}\"},\"query-input\":{\"@type\":\"PropertyValueSpecification\",\"valueRequired\":true,\"valueName\":\"search_term_string\"}}],\"inLanguage\":\"pl-PL\"},{\"@type\":\"Organization\",\"@id\":\"https:\/\/con-fuoco.pl\/#organization\",\"name\":\"Niepubliczna Szko\u0142a Muzyczna I st.\",\"url\":\"https:\/\/con-fuoco.pl\/\",\"logo\":{\"@type\":\"ImageObject\",\"inLanguage\":\"pl-PL\",\"@id\":\"https:\/\/con-fuoco.pl\/#\/schema\/logo\/image\/\",\"url\":\"https:\/\/con-fuoco.pl\/wp-content\/uploads\/2017\/08\/copy-cropped-logo-1.jpg\",\"contentUrl\":\"https:\/\/con-fuoco.pl\/wp-content\/uploads\/2017\/08\/copy-cropped-logo-1.jpg\",\"width\":146,\"height\":206,\"caption\":\"Niepubliczna Szko\u0142a Muzyczna I st.\"},\"image\":{\"@id\":\"https:\/\/con-fuoco.pl\/#\/schema\/logo\/image\/\"}}]}<\/script>\n<!-- \/ Yoast SEO plugin. -->","yoast_head_json":{"title":"Marta Motyl - Niepubliczna Szko\u0142a Muzyczna I st.","robots":{"index":"index","follow":"follow","max-snippet":"max-snippet:-1","max-image-preview":"max-image-preview:large","max-video-preview":"max-video-preview:-1"},"canonical":"https:\/\/con-fuoco.pl\/?page_id=641","og_locale":"pl_PL","og_type":"article","og_title":"Marta Motyl - Niepubliczna Szko\u0142a Muzyczna I st.","og_description":"nauczyciel fortepianu i akompaniament Edukacj\u0119 muzyczn\u0105 rozpocz\u0119\u0142a w wieku 7 lat w Ognisku Muzycznym w klasie fortepianu. Nauk\u0119 kontynuowa\u0142a w Muzycznym Liceum og\u00f3lnokszta\u0142c\u0105cym w Legnicy, a potem w Akademii Muzycznej&hellip;","og_url":"https:\/\/con-fuoco.pl\/?page_id=641","og_site_name":"Niepubliczna Szko\u0142a Muzyczna I st.","article_modified_time":"2025-04-23T20:46:43+00:00","twitter_card":"summary_large_image","twitter_misc":{"Szacowany czas czytania":"2 minuty"},"schema":{"@context":"https:\/\/schema.org","@graph":[{"@type":"WebPage","@id":"https:\/\/con-fuoco.pl\/?page_id=641","url":"https:\/\/con-fuoco.pl\/?page_id=641","name":"Marta Motyl - Niepubliczna Szko\u0142a Muzyczna I st.","isPartOf":{"@id":"https:\/\/con-fuoco.pl\/#website"},"datePublished":"2017-09-04T19:41:12+00:00","dateModified":"2025-04-23T20:46:43+00:00","breadcrumb":{"@id":"https:\/\/con-fuoco.pl\/?page_id=641#breadcrumb"},"inLanguage":"pl-PL","potentialAction":[{"@type":"ReadAction","target":["https:\/\/con-fuoco.pl\/?page_id=641"]}]},{"@type":"BreadcrumbList","@id":"https:\/\/con-fuoco.pl\/?page_id=641#breadcrumb","itemListElement":[{"@type":"ListItem","position":1,"name":"Strona g\u0142\u00f3wna","item":"https:\/\/con-fuoco.pl\/"},{"@type":"ListItem","position":2,"name":"Szko\u0142a","item":"https:\/\/con-fuoco.pl\/?page_id=1199"},{"@type":"ListItem","position":3,"name":"Kadra","item":"https:\/\/con-fuoco.pl\/?page_id=27"},{"@type":"ListItem","position":4,"name":"Marta Motyl"}]},{"@type":"WebSite","@id":"https:\/\/con-fuoco.pl\/#website","url":"https:\/\/con-fuoco.pl\/","name":"Niepubliczna Szko\u0142a Muzyczna I st.","description":"CON FUOCO","publisher":{"@id":"https:\/\/con-fuoco.pl\/#organization"},"potentialAction":[{"@type":"SearchAction","target":{"@type":"EntryPoint","urlTemplate":"https:\/\/con-fuoco.pl\/?s={search_term_string}"},"query-input":{"@type":"PropertyValueSpecification","valueRequired":true,"valueName":"search_term_string"}}],"inLanguage":"pl-PL"},{"@type":"Organization","@id":"https:\/\/con-fuoco.pl\/#organization","name":"Niepubliczna Szko\u0142a Muzyczna I st.","url":"https:\/\/con-fuoco.pl\/","logo":{"@type":"ImageObject","inLanguage":"pl-PL","@id":"https:\/\/con-fuoco.pl\/#\/schema\/logo\/image\/","url":"https:\/\/con-fuoco.pl\/wp-content\/uploads\/2017\/08\/copy-cropped-logo-1.jpg","contentUrl":"https:\/\/con-fuoco.pl\/wp-content\/uploads\/2017\/08\/copy-cropped-logo-1.jpg","width":146,"height":206,"caption":"Niepubliczna Szko\u0142a Muzyczna I st."},"image":{"@id":"https:\/\/con-fuoco.pl\/#\/schema\/logo\/image\/"}}]}},"_links":{"self":[{"href":"https:\/\/con-fuoco.pl\/index.php?rest_route=\/wp\/v2\/pages\/641","targetHints":{"allow":["GET"]}}],"collection":[{"href":"https:\/\/con-fuoco.pl\/index.php?rest_route=\/wp\/v2\/pages"}],"about":[{"href":"https:\/\/con-fuoco.pl\/index.php?rest_route=\/wp\/v2\/types\/page"}],"author":[{"embeddable":true,"href":"https:\/\/con-fuoco.pl\/index.php?rest_route=\/wp\/v2\/users\/2"}],"replies":[{"embeddable":true,"href":"https:\/\/con-fuoco.pl\/index.php?rest_route=%2Fwp%2Fv2%2Fcomments&post=641"}],"version-history":[{"count":6,"href":"https:\/\/con-fuoco.pl\/index.php?rest_route=\/wp\/v2\/pages\/641\/revisions"}],"predecessor-version":[{"id":1387,"href":"https:\/\/con-fuoco.pl\/index.php?rest_route=\/wp\/v2\/pages\/641\/revisions\/1387"}],"up":[{"embeddable":true,"href":"https:\/\/con-fuoco.pl\/index.php?rest_route=\/wp\/v2\/pages\/27"}],"wp:attachment":[{"href":"https:\/\/con-fuoco.pl\/index.php?rest_route=%2Fwp%2Fv2%2Fmedia&parent=641"}],"curies":[{"name":"wp","href":"https:\/\/api.w.org\/{rel}","templated":true}]}}